{"id":14,"date":"2016-03-09T21:31:39","date_gmt":"2016-03-09T21:31:39","guid":{"rendered":"http:\/\/www.alexstadler.com\/?page_id=14"},"modified":"2024-12-23T14:07:03","modified_gmt":"2024-12-23T12:07:03","slug":"imprint","status":"publish","type":"page","link":"https:\/\/www.alexstadler.com\/de\/imprint\/","title":{"rendered":"Impressum"},"content":{"rendered":"<div class=\"fusion-fullwidth fullwidth-box fusion-builder-row-1 fusion-flex-container nonhundred-percent-fullwidth non-hundred-percent-height-scrolling\" style=\"--awb-border-radius-top-left:0px;--awb-border-radius-top-right:0px;--awb-border-radius-bottom-right:0px;--awb-border-radius-bottom-left:0px;--awb-flex-wrap:wrap;\" ><div class=\"fusion-builder-row fusion-row fusion-flex-align-items-flex-start fusion-flex-content-wrap\" style=\"max-width:1216.8px;margin-left: calc(-4% \/ 2 );margin-right: calc(-4% \/ 2 );\"><div class=\"fusion-layout-column fusion_builder_column fusion-builder-column-0 fusion_builder_column_1_1 1_1 fusion-flex-column\" style=\"--awb-bg-size:cover;--awb-width-large:100%;--awb-margin-top-large:0px;--awb-spacing-right-large:1.92%;--awb-margin-bottom-large:0px;--awb-spacing-left-large:1.92%;--awb-width-medium:100%;--awb-spacing-right-medium:1.92%;--awb-spacing-left-medium:1.92%;--awb-width-small:100%;--awb-spacing-right-small:1.92%;--awb-spacing-left-small:1.92%;\"><div class=\"fusion-column-wrapper fusion-flex-justify-content-flex-start fusion-content-layout-column\"><div class=\"fusion-text fusion-text-1\"><div class=\"field__item\">\n<p>&nbsp;<\/p>\n<div class=\"column-1 half-space paragraph paragraph--type--page-content paragraph--view-mode--default\">\n<div class=\"row\">\n<div class=\"col order-0\">\n<div class=\"clearfix text-formatted h2 field field--name-field-title field--type-string field--label-hidden field__item\"><strong>Medieninhaber<\/strong><\/div>\n<div class=\"\">\n<div class=\"clearfix text-formatted field field--name-field-body field--type-text-long field--label-hidden field__item\">\n<p>Alexandra Stadler<br \/>Lindengasse 25\/1<br \/>1070,&nbsp;Vienna<br \/>\u00d6sterreich<br \/>+43 664 78 50 655<br \/>mail@alexstadler.com<br \/>www.alexstadler.com<\/p>\n<p>GLN: 9110014878968<\/p>\n<p><span lang=\"EN-US\">Mitglied der Wirtschaftskammern \u00d6sterreichs, Wirtschaftskammer Wien<\/span><br \/><span lang=\"EN-US\">Anwendbare Berufssatzungen und -vorschriften: <\/span><a href=\"https:\/\/www.ris.bka.gv.at\/GeltendeFassung.wxe?Abfrage=Bundesnormen&amp;Gesetzesnummer=10007517\">\u00d6sterreichische Gewerbeordnung<\/a><\/p>\n<p><span lang=\"EN-US\"><strong>Art und Zweck des Unternehmens<\/strong><\/span><br \/>Herstellung von gestickten, gewirkten, geh\u00e4kelten und \u00e4hnlichen Waren von Hand<\/p>\n<p><span lang=\"EN-US\"><strong>Gesch\u00e4ftsf\u00fchrerin<\/strong><\/span><br \/><span lang=\"EN-US\">Alexandra Stadler<\/span><\/p>\n<p><span lang=\"EN-US\"><strong>Zust\u00e4ndige Beh\u00f6rde&nbsp;<\/strong><\/span><br \/><span lang=\"EN-US\">St\u00e4dtisches Bezirksamt des 7. Bezirks<\/span><\/p>\n<\/div>\n<\/div>\n<\/div>\n<\/div>\n<\/div>\n<\/div>\n<div class=\"field__item\">\n<div class=\"column-1 half-space paragraph paragraph--type--page-content paragraph--view-mode--default\">\n<div class=\"row\">\n<div class=\"col order-0\">\n<div><strong>Inhalt und Copyright-Informationen<\/strong><\/div>\n<div>Der gesamte Inhalt dieser Website wurde nach bestem Wissen und Gewissen erstellt und wird in regelm\u00e4\u00dfigen Abst\u00e4nden gepflegt und aktualisiert. Im Hinblick auf die technischen Eigenschaften des Internets kann jedoch keine Gew\u00e4hr f\u00fcr die Verf\u00fcgbarkeit oder den Betrieb der gegenst\u00e4ndlichen Website sowie f\u00fcr die Richtigkeit und Vollst\u00e4ndigkeit der im Internet zur Verf\u00fcgung gestellten Informationen \u00fcbernommen werden. ALEXSTADLER \u00fcbernimmt keine Haftung f\u00fcr Sch\u00e4den, die durch die Nutzung dieser Website, der hier ver\u00f6ffentlichten Informationen und Links entstehen und haftet auch nicht f\u00fcr die Nichtverf\u00fcgbarkeit dieser Website. Alle Inhalte dieser Website, insbesondere Texte, Illustrationen und Bilder, sind ausdr\u00fccklich urheberrechtlich gesch\u00fctzt. Jegliche Vervielf\u00e4ltigung, Nutzung oder Verbreitung ohne Zustimmung von ALEXSTADLER ist untersagt. Jede unerlaubte Nutzung wird zivil- und strafrechtlich verfolgt. Alle Rechte sind der Firma ALEXSTADLER vorbehalten.<\/div>\n<div>&nbsp;<\/div>\n<\/div>\n<\/div>\n<\/div>\n<\/div>\n<div class=\"field__item\">\n<div class=\"column-1 half-space paragraph paragraph--type--page-content paragraph--view-mode--default\">\n<div class=\"row\">\n<div class=\"col order-0\">\n<div class=\"clearfix text-formatted h2 field field--name-field-title field--type-string field--label-hidden field__item\"><strong>Credits<\/strong><\/div>\n<div class=\"\">\n<div class=\"clearfix text-formatted field field--name-field-body field--type-text-long field--label-hidden field__item\">\n<p><span lang=\"EN-US\"><strong>Webdesign, Konzept &amp; Programmierung<\/strong><\/span><br \/>Profit Intelligence, LLC, Katy, TX, USA<\/p>\n<p><strong>Bilder<\/strong><br \/>Foto:\u00a0 Misha Nawrata, Wien, \u00d6sterreich<br \/>Model:\u00a0 Sophie Stejskal, Wien, \u00d6sterreich<br \/>Hair Stylist &amp; Make-up: Sophie Kaspar, Wien, \u00d6sterreich<\/p>\n<\/div>\n<\/div>\n<\/div>\n<\/div>\n<\/div>\n<\/div>\n<\/div><\/div><\/div><\/div><\/div>","protected":false},"excerpt":{"rendered":"","protected":false},"author":4,"featured_media":0,"parent":0,"menu_order":0,"comment_status":"closed","ping_status":"closed","template":"","meta":{"footnotes":""},"class_list":["post-14","page","type-page","status-publish","hentry"],"yoast_head":"<!-- This site is optimized with the Yoast SEO plugin v24.0 - https:\/\/yoast.com\/wordpress\/plugins\/seo\/ -->\n<title>Imprint - ALEXSTADLER JUST SO KNITS<\/title>\n<meta name=\"robots\" content=\"index, follow, max-snippet:-1, max-image-preview:large, max-video-preview:-1\" \/>\n<link rel=\"canonical\" href=\"https:\/\/www.alexstadler.com\/de\/creditsimprint\/\" \/>\n<meta property=\"og:locale\" content=\"de_DE\" \/>\n<meta property=\"og:type\" content=\"article\" \/>\n<meta property=\"og:title\" content=\"Imprint - ALEXSTADLER JUST SO KNITS\" \/>\n<meta property=\"og:url\" content=\"https:\/\/www.alexstadler.com\/de\/creditsimprint\/\" \/>\n<meta property=\"og:site_name\" content=\"ALEXSTADLER JUST SO KNITS\" \/>\n<meta property=\"article:modified_time\" content=\"2024-12-23T12:07:03+00:00\" \/>\n<meta name=\"twitter:card\" content=\"summary_large_image\" \/>\n<meta name=\"twitter:label1\" content=\"Gesch\u00e4tzte Lesezeit\" \/>\n\t<meta name=\"twitter:data1\" content=\"2 Minuten\" \/>\n<script type=\"application\/ld+json\" class=\"yoast-schema-graph\">{\"@context\":\"https:\/\/schema.org\",\"@graph\":[{\"@type\":\"WebPage\",\"@id\":\"https:\/\/www.alexstadler.com\/creditsimprint\/\",\"url\":\"https:\/\/www.alexstadler.com\/creditsimprint\/\",\"name\":\"Imprint - ALEXSTADLER JUST SO KNITS\",\"isPartOf\":{\"@id\":\"https:\/\/www.alexstadler.com\/#website\"},\"datePublished\":\"2016-03-09T21:31:39+00:00\",\"dateModified\":\"2024-12-23T12:07:03+00:00\",\"breadcrumb\":{\"@id\":\"https:\/\/www.alexstadler.com\/creditsimprint\/#breadcrumb\"},\"inLanguage\":\"de-AT\",\"potentialAction\":[{\"@type\":\"ReadAction\",\"target\":[\"https:\/\/www.alexstadler.com\/creditsimprint\/\"]}]},{\"@type\":\"BreadcrumbList\",\"@id\":\"https:\/\/www.alexstadler.com\/creditsimprint\/#breadcrumb\",\"itemListElement\":[{\"@type\":\"ListItem\",\"position\":1,\"name\":\"Home\",\"item\":\"https:\/\/www.alexstadler.com\/\"},{\"@type\":\"ListItem\",\"position\":2,\"name\":\"Credits\/Imprint\"}]},{\"@type\":\"WebSite\",\"@id\":\"https:\/\/www.alexstadler.com\/#website\",\"url\":\"https:\/\/www.alexstadler.com\/\",\"name\":\"ALEXSTADLER JUST SO KNITS\",\"description\":\"Exklusive handgefertigte Mode\",\"publisher\":{\"@id\":\"https:\/\/www.alexstadler.com\/#organization\"},\"potentialAction\":[{\"@type\":\"SearchAction\",\"target\":{\"@type\":\"EntryPoint\",\"urlTemplate\":\"https:\/\/www.alexstadler.com\/?s={search_term_string}\"},\"query-input\":{\"@type\":\"PropertyValueSpecification\",\"valueRequired\":true,\"valueName\":\"search_term_string\"}}],\"inLanguage\":\"de-AT\"},{\"@type\":\"Organization\",\"@id\":\"https:\/\/www.alexstadler.com\/#organization\",\"name\":\"ALEXSTADLER JUST SO KNITS\",\"url\":\"https:\/\/www.alexstadler.com\/\",\"logo\":{\"@type\":\"ImageObject\",\"inLanguage\":\"de-AT\",\"@id\":\"https:\/\/www.alexstadler.com\/#\/schema\/logo\/image\/\",\"url\":\"https:\/\/i0.wp.com\/www.alexstadler.com\/wp-content\/uploads\/2021\/05\/ALEXSTADLER_2021_03-0967-end-cmyk-703x175-1.png?fit=638%2C135&ssl=1\",\"contentUrl\":\"https:\/\/i0.wp.com\/www.alexstadler.com\/wp-content\/uploads\/2021\/05\/ALEXSTADLER_2021_03-0967-end-cmyk-703x175-1.png?fit=638%2C135&ssl=1\",\"width\":638,\"height\":135,\"caption\":\"ALEXSTADLER JUST SO KNITS\"},\"image\":{\"@id\":\"https:\/\/www.alexstadler.com\/#\/schema\/logo\/image\/\"},\"sameAs\":[\"https:\/\/www.instagram.com\/alexstadler\/\"]}]}<\/script>\n<!-- \/ Yoast SEO plugin. -->","yoast_head_json":{"title":"Imprint - ALEXSTADLER JUST SO KNITS","robots":{"index":"index","follow":"follow","max-snippet":"max-snippet:-1","max-image-preview":"max-image-preview:large","max-video-preview":"max-video-preview:-1"},"canonical":"https:\/\/www.alexstadler.com\/de\/creditsimprint\/","og_locale":"de_DE","og_type":"article","og_title":"Imprint - ALEXSTADLER JUST SO KNITS","og_url":"https:\/\/www.alexstadler.com\/de\/creditsimprint\/","og_site_name":"ALEXSTADLER JUST SO KNITS","article_modified_time":"2024-12-23T12:07:03+00:00","twitter_card":"summary_large_image","twitter_misc":{"Gesch\u00e4tzte Lesezeit":"2 Minuten"},"schema":{"@context":"https:\/\/schema.org","@graph":[{"@type":"WebPage","@id":"https:\/\/www.alexstadler.com\/creditsimprint\/","url":"https:\/\/www.alexstadler.com\/creditsimprint\/","name":"Imprint - ALEXSTADLER JUST SO KNITS","isPartOf":{"@id":"https:\/\/www.alexstadler.com\/#website"},"datePublished":"2016-03-09T21:31:39+00:00","dateModified":"2024-12-23T12:07:03+00:00","breadcrumb":{"@id":"https:\/\/www.alexstadler.com\/creditsimprint\/#breadcrumb"},"inLanguage":"de-AT","potentialAction":[{"@type":"ReadAction","target":["https:\/\/www.alexstadler.com\/creditsimprint\/"]}]},{"@type":"BreadcrumbList","@id":"https:\/\/www.alexstadler.com\/creditsimprint\/#breadcrumb","itemListElement":[{"@type":"ListItem","position":1,"name":"Home","item":"https:\/\/www.alexstadler.com\/"},{"@type":"ListItem","position":2,"name":"Credits\/Imprint"}]},{"@type":"WebSite","@id":"https:\/\/www.alexstadler.com\/#website","url":"https:\/\/www.alexstadler.com\/","name":"ALEXSTADLER JUST SO KNITS","description":"Exklusive handgefertigte Mode","publisher":{"@id":"https:\/\/www.alexstadler.com\/#organization"},"potentialAction":[{"@type":"SearchAction","target":{"@type":"EntryPoint","urlTemplate":"https:\/\/www.alexstadler.com\/?s={search_term_string}"},"query-input":{"@type":"PropertyValueSpecification","valueRequired":true,"valueName":"search_term_string"}}],"inLanguage":"de-AT"},{"@type":"Organization","@id":"https:\/\/www.alexstadler.com\/#organization","name":"ALEXSTADLER JUST SO KNITS","url":"https:\/\/www.alexstadler.com\/","logo":{"@type":"ImageObject","inLanguage":"de-AT","@id":"https:\/\/www.alexstadler.com\/#\/schema\/logo\/image\/","url":"https:\/\/i0.wp.com\/www.alexstadler.com\/wp-content\/uploads\/2021\/05\/ALEXSTADLER_2021_03-0967-end-cmyk-703x175-1.png?fit=638%2C135&ssl=1","contentUrl":"https:\/\/i0.wp.com\/www.alexstadler.com\/wp-content\/uploads\/2021\/05\/ALEXSTADLER_2021_03-0967-end-cmyk-703x175-1.png?fit=638%2C135&ssl=1","width":638,"height":135,"caption":"ALEXSTADLER JUST SO KNITS"},"image":{"@id":"https:\/\/www.alexstadler.com\/#\/schema\/logo\/image\/"},"sameAs":["https:\/\/www.instagram.com\/alexstadler\/"]}]}},"jetpack_sharing_enabled":true,"jetpack-related-posts":[],"_links":{"self":[{"href":"https:\/\/www.alexstadler.com\/de\/wp-json\/wp\/v2\/pages\/14","targetHints":{"allow":["GET"]}}],"collection":[{"href":"https:\/\/www.alexstadler.com\/de\/wp-json\/wp\/v2\/pages"}],"about":[{"href":"https:\/\/www.alexstadler.com\/de\/wp-json\/wp\/v2\/types\/page"}],"author":[{"embeddable":true,"href":"https:\/\/www.alexstadler.com\/de\/wp-json\/wp\/v2\/users\/4"}],"replies":[{"embeddable":true,"href":"https:\/\/www.alexstadler.com\/de\/wp-json\/wp\/v2\/comments?post=14"}],"version-history":[{"count":0,"href":"https:\/\/www.alexstadler.com\/de\/wp-json\/wp\/v2\/pages\/14\/revisions"}],"wp:attachment":[{"href":"https:\/\/www.alexstadler.com\/de\/wp-json\/wp\/v2\/media?parent=14"}],"curies":[{"name":"wp","href":"https:\/\/api.w.org\/{rel}","templated":true}]}}